{"id":375,"date":"2019-08-17T16:11:40","date_gmt":"2019-08-17T14:11:40","guid":{"rendered":"https:\/\/desp.armada.digital\/the-facilitator\/"},"modified":"2023-12-27T20:01:47","modified_gmt":"2023-12-27T18:01:47","slug":"the-facilitator","status":"publish","type":"page","link":"https:\/\/dessinspontane.be\/en\/the-facilitator\/","title":{"rendered":"The facilitator"},"content":{"rendered":"\t\t<div data-elementor-type=\"wp-post\" data-elementor-id=\"375\" class=\"elementor elementor-375 elementor-143\" data-elementor-post-type=\"page\">\n\t\t\t\t\t\t<section data-particle_enable=\"false\" data-particle-mobile-disabled=\"false\" class=\"elementor-section elementor-top-section elementor-element elementor-element-abd388e elementor-section-boxed elementor-section-height-default elementor-section-height-default\" data-id=\"abd388e\" data-element_type=\"section\" data-e-type=\"section\">\n\t\t\t\t\t\t<div class=\"elementor-container elementor-column-gap-default\">\n\t\t\t\t\t<div class=\"elementor-column elementor-col-50 elementor-top-column elementor-element elementor-element-9f93408\" data-id=\"9f93408\" data-element_type=\"column\" data-e-type=\"column\" data-settings=\"{&quot;background_background&quot;:&quot;classic&quot;}\">\n\t\t\t<div class=\"elementor-widget-wrap elementor-element-populated\">\n\t\t\t\t\t\t<div class=\"elementor-element elementor-element-565b451 elementor-widget elementor-widget-text-editor\" data-id=\"565b451\" data-element_type=\"widget\" data-e-type=\"widget\" data-widget_type=\"text-editor.default\">\n\t\t\t\t<div class=\"elementor-widget-container\">\n\t\t\t\t\t\t\t\t\t<h3>The creator of &#8220;autopictographie&#8221;, Serge Goldwicht is an artist, a specialist in methods of self-expression and has a degree in Philosophy from the Universit\u00e9 Libre de Bruxelles.<\/h3>\n<p>Serge Goldwicht is the author of \u00ab <a href=\"http:\/\/www.editions-harmattan.fr\/index.asp?navig=catalogue&amp;obj=livre&amp;no=52190\" target=\"_blank\" rel=\"noopener\">Manuel de dessin spontan\u00e9 \u00e0 l\u2019usage des adultes<\/a>\u00a0\u00bb.<br \/>\nEd.l\u2019Harmattan \u2013 Paris<\/p>\n\t\t\t\t\t\t\t\t<\/div>\n\t\t\t\t<\/div>\n\t\t\t\t<div class=\"elementor-element elementor-element-d684d06 elementor-widget elementor-widget-image\" data-id=\"d684d06\" data-element_type=\"widget\" data-e-type=\"widget\" data-widget_type=\"image.default\">\n\t\t\t\t<div class=\"elementor-widget-container\">\n\t\t\t\t\t\t\t\t\t\t\t\t\t\t\t<img fetchpriority=\"high\" decoding=\"async\" width=\"929\" height=\"622\" src=\"https:\/\/dessinspontane.be\/wp-content\/uploads\/serge-goldwicht.jpg\" class=\"attachment-full size-full wp-image-620\" alt=\"\" srcset=\"https:\/\/dessinspontane.be\/wp-content\/uploads\/serge-goldwicht.jpg 929w, https:\/\/dessinspontane.be\/wp-content\/uploads\/serge-goldwicht-300x201.jpg 300w, https:\/\/dessinspontane.be\/wp-content\/uploads\/serge-goldwicht-768x514.jpg 768w\" sizes=\"(max-width: 929px) 100vw, 929px\" \/>\t\t\t\t\t\t\t\t\t\t\t\t\t\t\t<\/div>\n\t\t\t\t<\/div>\n\t\t\t\t<div class=\"elementor-element elementor-element-d85e2eb elementor-widget elementor-widget-text-editor\" data-id=\"d85e2eb\" data-element_type=\"widget\" data-e-type=\"widget\" data-widget_type=\"text-editor.default\">\n\t\t\t\t<div class=\"elementor-widget-container\">\n\t\t\t\t\t\t\t\t\t<h4>Autopictographie<\/h4>\r\nThis is a name I created in 2005 to define the method and the exercises that go with it, aimed at re-awakening spontaneous drawing in adults. There is very little literature dedicated to spontaneous drawing in adults because we consider that the door has been closed for a very long time, 20 years spent experimenting with adults and children, and 99% of powerfully graphic results have proven that it is possible to escape from behind that locked door.\r\nMore than one hundred exercises based on different techniques make up the backbone of the method. One of its principal characteristics is the close working relationship between learner and teacher.\r\n\r\n&#8220;In substance, writing and drawing are identical&#8221; (Paul Klee)\r\n<h4>My sources of inspiration<\/h4>\r\n<ul>\r\n \t<li>Pierre Alechinsky, Hors Cadre, Editions Labor, Bruxelles, 1996\r\nPierre Alechinsky, Lettre suit, Gallimard, Paris 1992<\/li>\r\n \t<li>Yves Bonnefoy, Remarques sur le dessin, Mercure de France, Paris 1993<\/li>\r\n \t<li>Bernard Darras, Au commencement \u00e9tait l\u2019image, Editions ESI, Paris 1996<\/li>\r\n \t<li>Fran\u00e7oise Dolto, Psychanalyse et p\u00e9diatrie, Editions Le Seuil, Paris, 1971<\/li>\r\n \t<li>Fran\u00e7oise Dolto, Psychanalyse et r\u00e9alit\u00e9, Editions Le Seuil, Paris, 1971<\/li>\r\n \t<li>Jean Dubuffet, B\u00e2tons rompus, Editions de Minuit, Paris, 1987<\/li>\r\n \t<li>Paul Eluard, Donn\u00e9 \u00e0 voir, Gallimard, Paris, 1978<\/li>\r\n \t<li>Boris Eizykman, Dessiner dans la marge, Editions L\u2019Harmattan, Paris 2004<\/li>\r\n \t<li>Jo\u00eblle Gonthier, Dessin et dessein, ESF \u00e9diteur, Paris, 1990<\/li>\r\n \t<li>Elise Freinet, L\u2019enfant artiste, Editions de l\u2019\u00e9cole moderne fran\u00e7aise, Cannes 1963<\/li>\r\n \t<li>Tristan Garcia Fons, la Lettre du GRAPE n\u00b049, Paris 2002<\/li>\r\n \t<li>Institut du dessin &amp; Fondazione Europa del disgno, Editions Alcatos, Lausanne, 2000.<\/li>\r\n \t<li>Fanchette Lefebure,Claude Van den Broek d&#8217;Obrenan, Le trait en graphologie, Edition Masson, Paris 1989<\/li>\r\n \t<li>Suzanne Lemerise, Du dessin aux arts plastiques, Presses universitaires du Qu\u00e9bec, 2006<\/li>\r\n \t<li>Erwin Panofsky, Idea, Editions Gallimard, Paris 1989<\/li>\r\n \t<li>Madeleine Rambert, La vie affective et morale de l\u2019enfant, Editions Delachaux-Niestl\u00e9, Neufch\u00e2tel-Paris 1945<\/li>\r\n \t<li>Ernst R\u00f6ttger et Dieter Klante, Point et ligne, Dessain et Tolra, Paris 1982<\/li>\r\n \t<li>Jean-Jacques Rousseau, Emile ou de l\u2019\u00e9ducation, Editions Garnier, Paris 1971<\/li>\r\n \t<li>Jean Ruch, Techniques \u00e9ducatives, Editions de l\u2019imprimerie \u00e0 l\u2019\u00e9cole, Saint-Paul 1932<\/li>\r\n \t<li>Arno Stern et Pierre Duquet, Du dessin spontan\u00e9 aux techniques graphiques, Editions Delachaux-Niestl\u00e9, Neufch\u00e2tel-Paris 1958<\/li>\r\n \t<li>Winnicott en quatre squiggles, Fran\u00e7oise Duparc, Editions In Press, Paris 2005<\/li>\r\n \t<li>D.W. Winnicott , Jeu et r\u00e9alit\u00e9 l&#8217;espace potentiel, Gallimard, 1975<\/li>\r\n<\/ul>\t\t\t\t\t\t\t\t<\/div>\n\t\t\t\t<\/div>\n\t\t\t\t\t<\/div>\n\t\t<\/div>\n\t\t\t\t<div class=\"elementor-column elementor-col-50 elementor-top-column elementor-element elementor-element-b003ec4 elementor-hidden-tablet elementor-hidden-phone\" data-id=\"b003ec4\" data-element_type=\"column\" data-e-type=\"column\">\n\t\t\t<div class=\"elementor-widget-wrap\">\n\t\t\t\t\t\t\t<\/div>\n\t\t<\/div>\n\t\t\t\t\t<\/div>\n\t\t<\/section>\n\t\t\t\t<\/div>\n\t\t","protected":false},"excerpt":{"rendered":"<p>The creator of &#8220;autopictographie&#8221;, Serge Goldwicht is an artist, a specialist in methods of self-expression and has a degree in Philosophy from the Universit\u00e9 Libre de Bruxelles. Serge Goldwicht is the author of \u00ab Manuel de dessin spontan\u00e9 \u00e0 l\u2019usage des adultes\u00a0\u00bb. Ed.l\u2019Harmattan \u2013 Paris Autopictographie This is a name I created in 2005 to [&hellip;]<\/p>\n","protected":false},"author":2,"featured_media":0,"parent":0,"menu_order":0,"comment_status":"closed","ping_status":"closed","template":"elementor_header_footer","meta":{"footnotes":""},"class_list":["post-375","page","type-page","status-publish","hentry"],"_links":{"self":[{"href":"https:\/\/dessinspontane.be\/en\/wp-json\/wp\/v2\/pages\/375","targetHints":{"allow":["GET"]}}],"collection":[{"href":"https:\/\/dessinspontane.be\/en\/wp-json\/wp\/v2\/pages"}],"about":[{"href":"https:\/\/dessinspontane.be\/en\/wp-json\/wp\/v2\/types\/page"}],"author":[{"embeddable":true,"href":"https:\/\/dessinspontane.be\/en\/wp-json\/wp\/v2\/users\/2"}],"replies":[{"embeddable":true,"href":"https:\/\/dessinspontane.be\/en\/wp-json\/wp\/v2\/comments?post=375"}],"version-history":[{"count":3,"href":"https:\/\/dessinspontane.be\/en\/wp-json\/wp\/v2\/pages\/375\/revisions"}],"predecessor-version":[{"id":625,"href":"https:\/\/dessinspontane.be\/en\/wp-json\/wp\/v2\/pages\/375\/revisions\/625"}],"wp:attachment":[{"href":"https:\/\/dessinspontane.be\/en\/wp-json\/wp\/v2\/media?parent=375"}],"curies":[{"name":"wp","href":"https:\/\/api.w.org\/{rel}","templated":true}]}}